{"id":3147,"date":"2024-01-23T12:03:58","date_gmt":"2024-01-23T11:03:58","guid":{"rendered":"https:\/\/www.sitech.nl\/?page_id=3147"},"modified":"2024-03-14T20:08:19","modified_gmt":"2024-03-14T19:08:19","slug":"fire-brigade-security","status":"publish","type":"page","link":"https:\/\/www.sitech.nl\/nl\/fire-brigade-security\/","title":{"rendered":"Fire Brigade &#038; Security"},"content":{"rendered":"<section class=\"l-section wpb_row mc--service-detail-header height_medium with_img\"><div class=\"l-section-img\" role=\"img\" aria-label=\"Afbeelding\" data-img-width=\"\" data-img-height=\"\" style=\"background-image: url(https:\/\/www.sitech.nl\/wp-content\/uploads\/2024\/01\/header-service-detail-bg.svg);background-position: center right;background-repeat: no-repeat;background-size: contain;\"><\/div><div class=\"l-section-h i-cf\"><div class=\"g-cols vc_row via_flex valign_top type_default stacking_default\"><div class=\"vc_col-sm-12 wpb_column vc_column_container\"><div class=\"vc_column-inner\"><div class=\"wpb_wrapper\"><div class=\"g-cols wpb_row mc--service-detail-inner-row via_flex valign_top type_default stacking_default\"><div class=\"vc_col-sm-7 wpb_column vc_column_container\"><div class=\"vc_column-inner\"><div class=\"wpb_wrapper\"><div class=\"wpb_text_column\"><div class=\"wpb_wrapper\"><h1><strong>Fire Brigade &amp; Security<\/strong><\/h1>\n<\/div><\/div><div class=\"wpb_text_column\"><div class=\"wpb_wrapper\"><p><strong>Als specialist in incidentbestrijding in een industri\u00eble en onderzoeksomgeving levert Sitech Fire Brigade &amp; Security 24\/7 hoogwaardige brand- en beveiligingszorg op de Chemelot site. Wij beheersen incidenten en minimaliseren de gevolgen voor omwonenden en omgeving. Wij garanderen de continu\u00efteit van de bedrijfsprocessen op Chemelot en verlenen snel hulp als mensen, installaties of processen in gevaar zijn.<\/strong><\/p>\n<p>Of het nu gaat om een lekkage in een fabriek, het bewaken van 60 kilometer hekwerk rondom Chemelot of het blussen van een brand, onze ruim 200 brandweerlieden en beveiligingsmedewerkers staan paraat. Zo dragen wij bij aan de ambitie van Chemelot om de veiligste, meest concurrerende en duurzame chemiesite van Europa te worden.<\/p>\n<p>Wij zijn Sitech-professionals, wij staan voor veiligheid en wij zijn trots op ons vak.<\/p>\n<\/div><\/div><\/div><\/div><\/div><div class=\"vc_col-sm-5 wpb_column vc_column_container stretched\"><div class=\"vc_column-inner\"><div class=\"wpb_wrapper\"><div class=\"w-image mc--detail-header-mask has_ratio align_none\"><div class=\"w-image-h\"><div style=\"padding-bottom:100%\"><\/div><img decoding=\"async\" width=\"1024\" height=\"683\" src=\"https:\/\/www.sitech.nl\/wp-content\/uploads\/2024\/02\/1sideshot-1024x683.png\" class=\"attachment-large size-large\" alt=\"\" loading=\"lazy\" \/><\/div><\/div><\/div><\/div><\/div><\/div><\/div><\/div><\/div><\/div><\/div><\/section><section class=\"l-section wpb_row height_medium\"><div class=\"l-section-h i-cf\"><div class=\"g-cols vc_row via_flex valign_top type_default stacking_default\"><div class=\"vc_col-sm-12 wpb_column vc_column_container\"><div class=\"vc_column-inner\"><div class=\"wpb_wrapper\"><div class=\"wpb_text_column\"><div class=\"wpb_wrapper\"><h2><strong>Onze services<\/strong><\/h2>\n<p>Sitech Fire Brigade &amp; Security werkt samen met partners op en rond Chemelot en heeft een sterke band met regionale en landelijke overheden. Wij leveren de volgende diensten: meldkamer, bedrijfsbrandweer, bedrijfsnoodorganisatie, gewondenvervoer, milieuklachtensysteem, beveiliging, toegang &amp; onboarding, trunking, advies &amp; scenario&#8217;s.<\/p>\n<\/div><\/div><\/div><\/div><\/div><\/div><\/div><\/section><section class=\"l-section wpb_row height_medium width_full\"><div class=\"l-section-h i-cf\"><div class=\"g-cols vc_row via_flex valign_top type_default stacking_default\"><div class=\"vc_col-sm-12 wpb_column vc_column_container\"><div class=\"vc_column-inner\"><div class=\"wpb_wrapper\"><div class=\"w-grid us_grid type_grid layout_2722 cols_3 preload_style_spinner ratio_1x1\" id=\"us_grid_1\" style=\"--columns:3;--gap:0rem;--item-ratio:1;\"><style>@media (max-width:600px){#us_grid_1{--columns:1!important}}.layout_2722 .w-grid-item-h{}.layout_2722 .usg_post_image_1{transition-duration:0.35s}.layout_2722 .w-grid-item-h:focus-within .usg_post_image_1,.layout_2722 .w-grid-item-h:hover .usg_post_image_1{}.layout_2722 .usg_vwrapper_1{transition-duration:0.7s}.layout_2722 .w-grid-item-h:focus-within .usg_vwrapper_1,.layout_2722 .w-grid-item-h:hover .usg_vwrapper_1{background:linear-gradient(transparent,rgba(76,65,132,1))!important}.layout_2722 .usg_post_image_1{position:absolute!important;left:0!important;top:0!important;bottom:0!important;right:0!important}.layout_2722 .usg_vwrapper_1{position:absolute!important;left:0!important;bottom:0!important;right:0!important;background:linear-gradient(transparent,rgba(0,0,0,0.5))!important;padding:4rem 2rem 1.5rem 2rem!important}.layout_2722 .usg_post_title_1{color:#ffffff!important;font-size:1.2rem!important}<\/style><div class=\"w-grid-list\">\t<article class=\"w-grid-item size_1x1 post-3150 page type-page status-publish has-post-thumbnail hentry\" data-id=\"3150\">\r\n\t\t<div class=\"w-grid-item-h\">\r\n\t\t\t\t\t\t\t<a href=\"https:\/\/www.sitech.nl\/nl\/fire-brigade-security\/naleving\/\" class=\"w-grid-item-anchor\" aria-label=\"Naleving\"><\/a>\r\n\t\t\t\t\t\t<div class=\"w-post-elm post_image usg_post_image_1 stretched\"><img loading=\"lazy\" decoding=\"async\" width=\"1024\" height=\"917\" src=\"https:\/\/www.sitech.nl\/wp-content\/uploads\/2024\/01\/compliance-1024x917.jpg\" class=\"attachment-large size-large wp-post-image\" alt=\"\" srcset=\"https:\/\/www.sitech.nl\/wp-content\/uploads\/2024\/01\/compliance-1024x917.jpg 1024w, https:\/\/www.sitech.nl\/wp-content\/uploads\/2024\/01\/compliance-300x269.jpg 300w, https:\/\/www.sitech.nl\/wp-content\/uploads\/2024\/01\/compliance.jpg 1206w\" sizes=\"auto, (max-width: 1024px) 100vw, 1024px\" \/><\/div><div class=\"w-vwrapper usg_vwrapper_1 mc--integrated-services-grid\"><h2 class=\"w-post-elm post_title usg_post_title_1 has_text_color entry-title color_link_inherit\">Naleving<\/h2><\/div>\t\t<\/div>\r\n\t\t\t<\/article>\r\n\t<article class=\"w-grid-item size_1x1 post-3152 page type-page status-publish has-post-thumbnail hentry\" data-id=\"3152\">\r\n\t\t<div class=\"w-grid-item-h\">\r\n\t\t\t\t\t\t\t<a href=\"https:\/\/www.sitech.nl\/nl\/fire-brigade-security\/beveiliging\/\" class=\"w-grid-item-anchor\" aria-label=\"Beveiliging\"><\/a>\r\n\t\t\t\t\t\t<div class=\"w-post-elm post_image usg_post_image_1 stretched\"><img loading=\"lazy\" decoding=\"async\" width=\"1024\" height=\"683\" src=\"https:\/\/www.sitech.nl\/wp-content\/uploads\/2024\/02\/closeporto-1024x683.jpg\" class=\"attachment-large size-large wp-post-image\" alt=\"\" srcset=\"https:\/\/www.sitech.nl\/wp-content\/uploads\/2024\/02\/closeporto-1024x683.jpg 1024w, https:\/\/www.sitech.nl\/wp-content\/uploads\/2024\/02\/closeporto-300x200.jpg 300w\" sizes=\"auto, (max-width: 1024px) 100vw, 1024px\" \/><\/div><div class=\"w-vwrapper usg_vwrapper_1 mc--integrated-services-grid\"><h2 class=\"w-post-elm post_title usg_post_title_1 has_text_color entry-title color_link_inherit\">Beveiliging<\/h2><\/div>\t\t<\/div>\r\n\t\t\t<\/article>\r\n\t<article class=\"w-grid-item size_1x1 post-3151 page type-page status-publish has-post-thumbnail hentry\" data-id=\"3151\">\r\n\t\t<div class=\"w-grid-item-h\">\r\n\t\t\t\t\t\t\t<a href=\"https:\/\/www.sitech.nl\/nl\/fire-brigade-security\/brandweer-brigade\/\" class=\"w-grid-item-anchor\" aria-label=\"Brandweer Brigade\"><\/a>\r\n\t\t\t\t\t\t<div class=\"w-post-elm post_image usg_post_image_1 stretched\"><img loading=\"lazy\" decoding=\"async\" width=\"1024\" height=\"683\" src=\"https:\/\/www.sitech.nl\/wp-content\/uploads\/2024\/03\/1backside-1024x683.png\" class=\"attachment-large size-large wp-post-image\" alt=\"\" srcset=\"https:\/\/www.sitech.nl\/wp-content\/uploads\/2024\/03\/1backside-1024x683.png 1024w, https:\/\/www.sitech.nl\/wp-content\/uploads\/2024\/03\/1backside-300x200.png 300w\" sizes=\"auto, (max-width: 1024px) 100vw, 1024px\" \/><\/div><div class=\"w-vwrapper usg_vwrapper_1 mc--integrated-services-grid\"><h2 class=\"w-post-elm post_title usg_post_title_1 has_text_color entry-title color_link_inherit\">Brandweer Brigade<\/h2><\/div>\t\t<\/div>\r\n\t\t\t<\/article>\r\n<\/div>\t<div class=\"w-grid-preloader\">\r\n\t\t<div class=\"g-preloader type_1\">\r\n\t\t\t<div><\/div>\r\n\t\t<\/div>\r\n\t<\/div>\r\n\t\t<div class=\"w-grid-json hidden\" onclick='return {&quot;action&quot;:&quot;us_ajax_grid&quot;,&quot;infinite_scroll&quot;:0,&quot;max_num_pages&quot;:1,&quot;pagination&quot;:&quot;none&quot;,&quot;template_vars&quot;:{&quot;columns&quot;:&quot;3&quot;,&quot;exclude_items&quot;:&quot;none&quot;,&quot;img_size&quot;:&quot;default&quot;,&quot;ignore_items_size&quot;:0,&quot;items_layout&quot;:&quot;2722&quot;,&quot;items_offset&quot;:&quot;1&quot;,&quot;load_animation&quot;:&quot;none&quot;,&quot;overriding_link&quot;:&quot;%7B%22type%22%3A%22post%22%7D&quot;,&quot;post_id&quot;:0,&quot;query_args&quot;:{&quot;ignore_sticky_posts&quot;:1,&quot;post_type&quot;:&quot;any&quot;,&quot;post__in&quot;:[&quot;2270&quot;,&quot;2266&quot;,&quot;2268&quot;],&quot;posts_per_page&quot;:&quot;3&quot;},&quot;orderby_query_args&quot;:{&quot;orderby&quot;:{&quot;date&quot;:&quot;DESC&quot;}},&quot;type&quot;:&quot;grid&quot;,&quot;us_grid_post_type&quot;:&quot;ids&quot;,&quot;us_grid_ajax_index&quot;:1,&quot;us_grid_filter_query_string&quot;:null,&quot;us_grid_index&quot;:1,&quot;page_args&quot;:[],&quot;lang&quot;:&quot;nl&quot;}}'><\/div>\r\n\t<\/div><\/div><\/div><\/div><\/div><\/div><\/section><section class=\"l-section wpb_row height_medium\"><div class=\"l-section-h i-cf\"><div class=\"g-cols vc_row via_flex valign_top type_default stacking_default\"><div class=\"vc_col-sm-12 wpb_column vc_column_container\"><div class=\"vc_column-inner\"><div class=\"wpb_wrapper\"><div class=\"wpb_text_column\"><div class=\"wpb_wrapper\"><h3>Safety Shop &amp; Services<\/h3>\n<\/div><\/div><div class=\"w-btn-wrapper align_none\"><a class=\"w-btn us-btn-style_2\" target=\"_blank\" href=\"https:\/\/www.chemelotsafetyshop.com\/\"><span class=\"w-btn-label\">Ga naar shop<\/span><\/a><\/div><\/div><\/div><\/div><\/div><\/div><\/section><section class=\"l-section wpb_row mc--cta-contact-rb brandweer height_medium with_img\"><div class=\"l-section-img\" role=\"img\" aria-label=\"Afbeelding\" data-img-width=\"\" data-img-height=\"\" style=\"background-image: url(https:\/\/www.sitech.nl\/wp-content\/uploads\/2024\/01\/cta-contact-bg.svg);background-position: bottom left;background-repeat: no-repeat;background-size: contain;\"><\/div><div class=\"l-section-h i-cf\"><div class=\"g-cols vc_row via_flex valign_top type_default stacking_default\"><div class=\"vc_col-sm-12 wpb_column vc_column_container\"><div class=\"vc_column-inner\"><div class=\"wpb_wrapper\"><div class=\"g-cols wpb_row via_flex valign_top type_default stacking_default\"><div class=\"vc_col-sm-2 wpb_column vc_column_container\"><div class=\"vc_column-inner\"><div class=\"wpb_wrapper\"><\/div><\/div><\/div><div class=\"vc_col-sm-10 wpb_column vc_column_container\"><div class=\"vc_column-inner\"><div class=\"wpb_wrapper\"><div class=\"wpb_text_column\"><div class=\"wpb_wrapper\"><h3>Werken bij Fire Brigade &amp; Security<\/h3>\n<\/div><\/div><\/div><\/div><\/div><\/div><div class=\"g-cols wpb_row via_flex valign_top type_default stacking_default\"><div class=\"vc_col-sm-2 wpb_column vc_column_container\"><div class=\"vc_column-inner\"><div class=\"wpb_wrapper\"><\/div><\/div><\/div><div class=\"vc_col-sm-5 wpb_column vc_column_container\"><div class=\"vc_column-inner\"><div class=\"wpb_wrapper\"><div class=\"wpb_text_column\"><div class=\"wpb_wrapper\"><p><strong>Veiligheid is onze topprioriteit. Word jij onze nieuwe held?<\/strong><br \/>\nBescherm mensen, dieren en eigendommen tegen brand, ongelukken en veiligheidsincidenten op de Chemelot site. Elke dag ben je verantwoordelijk voor de veiligheid van duizenden mensen. Je handelt adequaat en werkt preventief met de modernste apparatuur. Als brandwacht op Chemelot in Geleen is je werk altijd anders en uitdagend, met naast brandweertaken veel technisch werk.<\/p>\n<\/div><\/div><div class=\"w-btn-wrapper align_none\"><a class=\"w-btn us-btn-style_2 icon_atright\" target=\"_blank\" href=\"https:\/\/www.werkenbijsitech.nl\/brandweer\"><span class=\"w-btn-label\">Bekijk vacatures<\/span><i class=\"far fa-chevron-right\"><\/i><\/a><\/div><\/div><\/div><\/div><div class=\"vc_col-sm-5 wpb_column vc_column_container mc--cta-person\"><div class=\"vc_column-inner\"><div class=\"wpb_wrapper\"><div class=\"w-image us_custom_213e151c align_none\"><div class=\"w-image-h\"><img decoding=\"async\" width=\"480\" height=\"320\" src=\"https:\/\/www.sitech.nl\/wp-content\/uploads\/2024\/01\/afbeelding1.jpg\" class=\"attachment-large size-large\" alt=\"\" loading=\"lazy\" srcset=\"https:\/\/www.sitech.nl\/wp-content\/uploads\/2024\/01\/afbeelding1.jpg 480w, https:\/\/www.sitech.nl\/wp-content\/uploads\/2024\/01\/afbeelding1-300x200.jpg 300w\" sizes=\"auto, (max-width: 480px) 100vw, 480px\" \/><\/div><\/div><div class=\"wpb_text_column mc--list-werkenbij\"><div class=\"wpb_wrapper\"><ul>\n<li>Dagelijkse praktijk, training en sport<\/li>\n<li>Moderne middelen en voertuigen<\/li>\n<li>Opleiding\u00a0 industri\u00eble brandbestrijding met kennis van techniek op Chemelot (gaspakdrager, chauffeur, voertuigbediener, paraatheid)<\/li>\n<li>Een baan vol uitdagingen, teamwork en een goede werksfeer<\/li>\n<\/ul>\n<\/div><\/div><\/div><\/div><\/div><\/div><\/div><\/div><\/div><\/div><\/div><\/section>\n","protected":false},"excerpt":{"rendered":"HomePagina'sFire Brigade Chemelot is onze thuisbasis; hier beschermen we mensen en fabrieken en doen we er alles aan om de gevolgen van incidenten voor omgeving en milieu te beperken. Wij zijn gespecialiseerd in industri\u00eble brandbestrijding en weten als geen ander snel en effici\u00ebnt te reageren op incidenten. Industri\u00eble brandbestrijding is werk voor specialisten Industri\u00eble incidenten...","protected":false},"author":1,"featured_media":0,"parent":0,"menu_order":0,"comment_status":"closed","ping_status":"closed","template":"","meta":{"_acf_changed":false,"footnotes":""},"class_list":["post-3147","page","type-page","status-publish","hentry"],"acf":[],"yoast_head":"<!-- This site is optimized with the Yoast SEO plugin v27.1.1 - https:\/\/yoast.com\/product\/yoast-seo-wordpress\/ -->\n<title>Fire Brigade &amp; Security - Ebert HERA<\/title>\n<meta name=\"robots\" content=\"index, follow, max-snippet:-1, max-image-preview:large, max-video-preview:-1\" \/>\n<link rel=\"canonical\" href=\"https:\/\/www.sitech.nl\/nl\/fire-brigade-security\/\" \/>\n<meta property=\"og:locale\" content=\"nl_NL\" \/>\n<meta property=\"og:type\" content=\"article\" \/>\n<meta property=\"og:title\" content=\"Fire Brigade &amp; Security - Ebert HERA\" \/>\n<meta property=\"og:url\" content=\"https:\/\/www.sitech.nl\/nl\/fire-brigade-security\/\" \/>\n<meta property=\"og:site_name\" content=\"Ebert HERA\" \/>\n<meta property=\"article:modified_time\" content=\"2024-03-14T19:08:19+00:00\" \/>\n<meta name=\"twitter:card\" content=\"summary_large_image\" \/>\n<meta name=\"twitter:label1\" content=\"Geschatte leestijd\" \/>\n\t<meta name=\"twitter:data1\" content=\"2 minuten\" \/>\n<script type=\"application\/ld+json\" class=\"yoast-schema-graph\">{\"@context\":\"https:\/\/schema.org\",\"@graph\":[{\"@type\":\"WebPage\",\"@id\":\"https:\/\/www.sitech.nl\/nl\/fire-brigade-security\/\",\"url\":\"https:\/\/www.sitech.nl\/nl\/fire-brigade-security\/\",\"name\":\"Fire Brigade & Security - Ebert HERA\",\"isPartOf\":{\"@id\":\"https:\/\/www.sitech.nl\/nl\/#website\"},\"datePublished\":\"2024-01-23T11:03:58+00:00\",\"dateModified\":\"2024-03-14T19:08:19+00:00\",\"breadcrumb\":{\"@id\":\"https:\/\/www.sitech.nl\/nl\/fire-brigade-security\/#breadcrumb\"},\"inLanguage\":\"nl-NL\",\"potentialAction\":[{\"@type\":\"ReadAction\",\"target\":[\"https:\/\/www.sitech.nl\/nl\/fire-brigade-security\/\"]}]},{\"@type\":\"BreadcrumbList\",\"@id\":\"https:\/\/www.sitech.nl\/nl\/fire-brigade-security\/#breadcrumb\",\"itemListElement\":[{\"@type\":\"ListItem\",\"position\":1,\"name\":\"Home\",\"item\":\"https:\/\/www.sitech.nl\/nl\/\"},{\"@type\":\"ListItem\",\"position\":2,\"name\":\"Fire Brigade &#038; Security\"}]},{\"@type\":\"WebSite\",\"@id\":\"https:\/\/www.sitech.nl\/nl\/#website\",\"url\":\"https:\/\/www.sitech.nl\/nl\/\",\"name\":\"Ebert HERA\",\"description\":\"\",\"potentialAction\":[{\"@type\":\"SearchAction\",\"target\":{\"@type\":\"EntryPoint\",\"urlTemplate\":\"https:\/\/www.sitech.nl\/nl\/?s={search_term_string}\"},\"query-input\":{\"@type\":\"PropertyValueSpecification\",\"valueRequired\":true,\"valueName\":\"search_term_string\"}}],\"inLanguage\":\"nl-NL\"}]}<\/script>\n<!-- \/ Yoast SEO plugin. -->","yoast_head_json":{"title":"Fire Brigade & Security - Ebert HERA","robots":{"index":"index","follow":"follow","max-snippet":"max-snippet:-1","max-image-preview":"max-image-preview:large","max-video-preview":"max-video-preview:-1"},"canonical":"https:\/\/www.sitech.nl\/nl\/fire-brigade-security\/","og_locale":"nl_NL","og_type":"article","og_title":"Fire Brigade & Security - Ebert HERA","og_url":"https:\/\/www.sitech.nl\/nl\/fire-brigade-security\/","og_site_name":"Ebert HERA","article_modified_time":"2024-03-14T19:08:19+00:00","twitter_card":"summary_large_image","twitter_misc":{"Geschatte leestijd":"2 minuten"},"schema":{"@context":"https:\/\/schema.org","@graph":[{"@type":"WebPage","@id":"https:\/\/www.sitech.nl\/nl\/fire-brigade-security\/","url":"https:\/\/www.sitech.nl\/nl\/fire-brigade-security\/","name":"Fire Brigade & Security - Ebert HERA","isPartOf":{"@id":"https:\/\/www.sitech.nl\/nl\/#website"},"datePublished":"2024-01-23T11:03:58+00:00","dateModified":"2024-03-14T19:08:19+00:00","breadcrumb":{"@id":"https:\/\/www.sitech.nl\/nl\/fire-brigade-security\/#breadcrumb"},"inLanguage":"nl-NL","potentialAction":[{"@type":"ReadAction","target":["https:\/\/www.sitech.nl\/nl\/fire-brigade-security\/"]}]},{"@type":"BreadcrumbList","@id":"https:\/\/www.sitech.nl\/nl\/fire-brigade-security\/#breadcrumb","itemListElement":[{"@type":"ListItem","position":1,"name":"Home","item":"https:\/\/www.sitech.nl\/nl\/"},{"@type":"ListItem","position":2,"name":"Fire Brigade &#038; Security"}]},{"@type":"WebSite","@id":"https:\/\/www.sitech.nl\/nl\/#website","url":"https:\/\/www.sitech.nl\/nl\/","name":"Ebert HERA","description":"","potentialAction":[{"@type":"SearchAction","target":{"@type":"EntryPoint","urlTemplate":"https:\/\/www.sitech.nl\/nl\/?s={search_term_string}"},"query-input":{"@type":"PropertyValueSpecification","valueRequired":true,"valueName":"search_term_string"}}],"inLanguage":"nl-NL"}]}},"_links":{"self":[{"href":"https:\/\/www.sitech.nl\/nl\/wp-json\/wp\/v2\/pages\/3147","targetHints":{"allow":["GET"]}}],"collection":[{"href":"https:\/\/www.sitech.nl\/nl\/wp-json\/wp\/v2\/pages"}],"about":[{"href":"https:\/\/www.sitech.nl\/nl\/wp-json\/wp\/v2\/types\/page"}],"author":[{"embeddable":true,"href":"https:\/\/www.sitech.nl\/nl\/wp-json\/wp\/v2\/users\/1"}],"replies":[{"embeddable":true,"href":"https:\/\/www.sitech.nl\/nl\/wp-json\/wp\/v2\/comments?post=3147"}],"version-history":[{"count":7,"href":"https:\/\/www.sitech.nl\/nl\/wp-json\/wp\/v2\/pages\/3147\/revisions"}],"predecessor-version":[{"id":3426,"href":"https:\/\/www.sitech.nl\/nl\/wp-json\/wp\/v2\/pages\/3147\/revisions\/3426"}],"wp:attachment":[{"href":"https:\/\/www.sitech.nl\/nl\/wp-json\/wp\/v2\/media?parent=3147"}],"curies":[{"name":"wp","href":"https:\/\/api.w.org\/{rel}","templated":true}]}}