{"id":3151,"date":"2024-01-23T13:43:10","date_gmt":"2024-01-23T12:43:10","guid":{"rendered":"https:\/\/www.sitech.nl\/?page_id=3151"},"modified":"2024-03-13T15:44:46","modified_gmt":"2024-03-13T14:44:46","slug":"brandweer-brigade","status":"publish","type":"page","link":"https:\/\/www.sitech.nl\/nl\/fire-brigade-security\/brandweer-brigade\/","title":{"rendered":"Brandweer Brigade"},"content":{"rendered":"<section class=\"l-section wpb_row mc--detail-header height_medium with_img\"><div class=\"l-section-img\" role=\"img\" aria-label=\"Afbeelding\" data-img-width=\"\" data-img-height=\"\" style=\"background-image: url(https:\/\/www.sitech.nl\/wp-content\/uploads\/2024\/01\/header-service-detail-bg.svg);background-position: center right;background-repeat: repeat-y;background-size: contain;\"><\/div><div class=\"l-section-h i-cf\"><div class=\"g-cols vc_row via_flex valign_top type_default stacking_default\"><div class=\"vc_col-sm-7 wpb_column vc_column_container\"><div class=\"vc_column-inner\"><div class=\"wpb_wrapper\"><nav class=\"g-breadcrumbs us_custom_1b04de86 separator_icon align_none\" itemscope itemtype=\"http:\/\/schema.org\/BreadcrumbList\"><div class=\"g-breadcrumbs-item\" itemscope itemprop=\"itemListElement\" itemtype=\"http:\/\/schema.org\/ListItem\"><a itemprop=\"item\" href=\"https:\/\/www.sitech.nl\/nl\/\"><span itemprop=\"name\">Home<\/span><\/a><meta itemprop=\"position\" content=\"1\"\/><\/div><div class=\"g-breadcrumbs-separator\"><i class=\"far fa-angle-right\"><\/i><\/div><div class=\"g-breadcrumbs-item\">Pagina's<\/div><\/nav><div class=\"wpb_text_column\"><div class=\"wpb_wrapper\"><h1><strong>Fire Brigade<\/strong><\/h1>\n<\/div><\/div><div class=\"wpb_text_column\"><div class=\"wpb_wrapper\"><p>Chemelot is onze thuisbasis; hier beschermen we mensen en fabrieken en doen we er alles aan om de gevolgen van incidenten voor omgeving en milieu te beperken. Wij zijn gespecialiseerd in industri\u00eble brandbestrijding en weten als geen ander snel en effici\u00ebnt te reageren op incidenten.<\/p>\n<\/div><\/div><div class=\"wpb_text_column us_custom_35b52ee0\"><div class=\"wpb_wrapper\"><p><strong>Industri\u00eble brandbestrijding is werk voor specialisten<\/strong><\/p>\n<p>Industri\u00eble incidenten zijn anders dan gewone branden. Als specialisten die gebruik maken van de modernste apparatuur, kunnen we snel en met grote capaciteit reageren. Onze bluscapaciteit is 4 tot 5 keer groter dan die van reguliere brandweerlieden. Binnen maximaal 6 minuten na de melding van een incident is de brandweer van Sitech ter plaatse en kan de bestrijding beginnen. Zodra het incident onder controle is, zorgen wij ervoor dat de installatie binnen de kortst mogelijke tijd weer operationeel is. Samen met onze collega&#8217;s van Sitech Maintenance vervangen we beschadigde installaties om de productie weer op gang te krijgen. Teamwork is dreamwork.<\/p>\n<p><strong>Hoogwaardig Hazmat-team voorkomt verspreiding gevaarlijke stoffen<\/strong><\/p>\n<p>Op Chemelot worden verschillende chemische stoffen verwerkt, geproduceerd en getransporteerd. Bij incidenten waarbij het risico bestaat dat een gevaarlijke stof vrijkomt, komt ons high-end hazmat team in actie. Onze medewerkers zijn getraind en gecertificeerd om te werken volgens specifieke procedures en met speciale apparatuur. We voeren metingen en monsternemingen uit in een potentieel gevaarlijke omgeving en kunnen zo snel de identiteit en verspreiding van de chemische stof vaststellen en hierop reageren.<\/p>\n<\/div><\/div><\/div><\/div><\/div><div class=\"vc_col-sm-5 wpb_column vc_column_container stretched\"><div class=\"vc_column-inner\"><div class=\"wpb_wrapper\"><div class=\"w-image mc--detail-header-mask has_ratio align_none\"><div class=\"w-image-h\"><div style=\"padding-bottom:100%\"><\/div><img decoding=\"async\" width=\"1024\" height=\"683\" src=\"https:\/\/www.sitech.nl\/wp-content\/uploads\/2024\/02\/1sideshot-1024x683.png\" class=\"attachment-large size-large\" alt=\"\" loading=\"lazy\" \/><\/div><\/div><\/div><\/div><\/div><\/div><\/div><\/section><section class=\"l-section wpb_row height_medium\"><div class=\"l-section-h i-cf\"><div class=\"g-cols vc_row via_flex valign_top type_default stacking_default\"><div class=\"vc_col-sm-12 wpb_column vc_column_container\"><div class=\"vc_column-inner\"><div class=\"wpb_wrapper\"><div class=\"wpb_text_column\"><div class=\"wpb_wrapper\"><h3>More efficient incident response with drone team<\/h3>\n<\/div><\/div><div class=\"g-cols wpb_row us_custom_35b52ee0 via_flex valign_middle type_default stacking_default\"><div class=\"vc_col-sm-6 wpb_column vc_column_container\"><div class=\"vc_column-inner\"><div class=\"wpb_wrapper\"><div class=\"w-video align_none ratio_16x9 with_overlay has_iframe\" style=\"background-image:url(https:\/\/www.sitech.nl\/wp-content\/uploads\/2024\/01\/droneteam-sitech-veiligheidsregio.jpeg);\" onclick=\"return {&quot;player_id&quot;:&quot;youtube-mb19&quot;,&quot;player_api&quot;:&quot;\\\/\\\/www.youtube.com\\\/player_api&quot;,&quot;player_html&quot;:&quot;&lt;div id=\\&quot;youtube-mb19\\&quot;&gt;&lt;\\\/div&gt;&lt;script&gt;\\r\\n\\t\\t\\twindow.USYTPlayers = ( window.USYTPlayers || { initYTFunctions: [], optionsYT: [], USYTInited: false } );\\r\\n\\t\\t\\twindow.USYTPlayers.optionsYT.push( {\\r\\n\\t\\t\\t\\tplayerID: \\&quot;youtube-mb19\\&quot;,\\r\\n\\t\\t\\t\\tvideoID: \\&quot;Da7WZP19G7U\\&quot;,\\r\\n\\t\\t\\t\\tplayerVars: {\\&quot;autoplay\\&quot;:1,\\&quot;controls\\&quot;:1,\\&quot;origin\\&quot;:\\&quot;https:\\\\\\\/\\\\\\\/www.sitech.nl\\\\\\\/nl\\\\\\\/\\&quot;,\\&quot;loop\\&quot;:0,\\&quot;mute\\&quot;:0,\\&quot;playlist\\&quot;:\\&quot;Da7WZP19G7U\\&quot;}\\r\\n\\t\\t\\t} );\\r\\n\\t\\t\\tif ( window.USYTPlayers.USYTInited === false ) {\\r\\n\\t\\t\\t\\t\\\/\\\/ Trying to override other possible WP YT API calls if our element is used\\r\\n\\t\\t\\t\\twindow.USYTPlayers.USYTInited = true;\\r\\n\\r\\n\\t\\t\\t\\twindow.onYouTubePlayerAPIReady = function() {\\r\\n\\t\\t\\t\\t\\tfor ( var i in window.USYTPlayers.optionsYT ) {\\r\\n\\t\\t\\t\\t\\t\\tvar _playerParams = window.USYTPlayers.optionsYT[ i ];\\r\\n\\t\\t\\t\\t\\t\\t$us.YTPlayers[ _playerParams.playerID ] = new YT.Player( _playerParams.playerID, {\\r\\n\\t\\t\\t\\t\\t\\t\\tvideoId: _playerParams.videoID,\\r\\n\\t\\t\\t\\t\\t\\t\\tplayerVars: _playerParams.playerVars\\r\\n\\t\\t\\t\\t\\t\\t} );\\r\\n\\t\\t\\t\\t\\t}\\r\\n\\t\\t\\t\\t}\\r\\n\\t\\t\\t}\\r\\n\\t\\t\\tif ( !!window.YT ) {\\r\\n\\t\\t\\t\\t$us.YTPlayers[\\&quot;youtube-mb19\\&quot;] = new YT.Player( \\&quot;youtube-mb19\\&quot;, {\\r\\n\\t\\t\\t\\t\\tvideoId: \\&quot;Da7WZP19G7U\\&quot;,\\r\\n\\t\\t\\t\\t\\tplayerVars: {\\&quot;autoplay\\&quot;:1,\\&quot;controls\\&quot;:1,\\&quot;origin\\&quot;:\\&quot;https:\\\\\\\/\\\\\\\/www.sitech.nl\\\\\\\/nl\\\\\\\/\\&quot;,\\&quot;loop\\&quot;:0,\\&quot;mute\\&quot;:0,\\&quot;playlist\\&quot;:\\&quot;Da7WZP19G7U\\&quot;}\\r\\n\\t\\t\\t\\t} );\\r\\n\\t\\t\\t}\\r\\n\\t\\t&lt;\\\/script&gt;&quot;}\"><button class=\"w-video-play\" type=\"button\" aria-label=\"Afspelen\"><span class=\"w-video-play-icon\" style=\"font-size:1.5rem;background:var(--color-header-middle-text-hover);color:#ffffff\"><\/span><\/button><div class=\"w-video-h\"><\/div><\/div><\/div><\/div><\/div><div class=\"vc_col-sm-6 wpb_column vc_column_container\"><div class=\"vc_column-inner\"><div class=\"wpb_wrapper\"><div class=\"wpb_text_column\"><div class=\"wpb_wrapper\"><p>Het speciaal getrainde droneteam van Sitech is \u00e9\u00e9n van de vijf operationele droneteams in Nederland. Een drone maakt het mogelijk om effici\u00ebnter te reageren op incidenten; met speciale camera&#8217;s bekijken we incidenten van bovenaf en krijgen we direct een beeld van elke situatie. Door onze samenwerking met Veiligheidsregio Zuid Limburg hebben we 24\/7 een team paraat staan, zowel op als buiten het terrein. Dronebeelden helpen ook de politie bij het opsporen van personen of bij verkeersongevallen. Op locatie assisteren we bij het inspecteren van leidingen en installaties, emissiemetingen en monitoring tijdens Turn Arounds.<\/p>\n<\/div><\/div><\/div><\/div><\/div><\/div><\/div><\/div><\/div><\/div><\/div><\/section><section class=\"l-section wpb_row mc--blauw height_auto\"><div class=\"l-section-overlay\" style=\"background:var(--color-content-secondary)\"><\/div><div class=\"l-section-h i-cf\"><div class=\"g-cols vc_row via_flex valign_top type_default stacking_default\"><div class=\"vc_col-sm-6 wpb_column vc_column_container\"><div class=\"vc_column-inner\"><div class=\"wpb_wrapper\"><div class=\"wpb_text_column\"><div class=\"wpb_wrapper\"><h3>Kennis is veiligheid<\/h3>\n<p>Om veilig en snel te kunnen reageren op incidenten is kennis van de fabrieken en processen essentieel. Naast het reageren op incidenten en het geven van trainingen, voeren wij samen met onze collega&#8217;s van Sitech Maintenance diverse onderhoudstaken uit op locatie. Zo blijven we op de hoogte van alle ontwikkelingen en innovaties op Chemelot.<\/p>\n<\/div><\/div><\/div><\/div><\/div><div class=\"vc_col-sm-6 wpb_column vc_column_container\"><div class=\"vc_column-inner us_custom_1779c4bd\"><div class=\"wpb_wrapper\"><div class=\"wpb_text_column\"><div class=\"wpb_wrapper\"><h3>Samenwerking met Veiligheidsregio Zuid-Limburg<\/h3>\n<p>In geval van een incident op Chemelot dat gevolgen kan hebben voor de omgeving, werken de bedrijfshulpverleningsorganisatie Chemelot en onze brandweer nauw samen met de Veiligheidsregio Zuid-Limburg (de hulpverleningsdiensten van de overheid) om ervoor te zorgen dat niet alleen de mensen op de locatie Chemelot, maar ook de mensen in de omgeving snel worden ge\u00efnformeerd. Om optimaal voorbereid en geco\u00f6rdineerd te zijn, worden regelmatig gezamenlijke oefeningen gehouden. Samen gaan we voor het maximale.<\/p>\n<\/div><\/div><\/div><\/div><\/div><\/div><\/div><\/section><section class=\"l-section wpb_row us_custom_19737bc8 height_medium width_full\"><div class=\"l-section-h i-cf\"><div class=\"g-cols vc_row via_flex valign_top type_default stacking_default\"><div class=\"vc_col-sm-12 wpb_column vc_column_container\"><div class=\"vc_column-inner\"><div class=\"wpb_wrapper\"><style data-type=\"us_custom-css\">.mc--cta-contact-rb h3{font-size:2.5rem!important;margin-bottom:0.5em}<\/style><section class=\"l-section wpb_row mc--cta-contact-rb height_medium width_full with_img\"><div class=\"l-section-img\" role=\"img\" aria-label=\"Afbeelding\" data-img-width=\"\" data-img-height=\"\" style=\"background-image: url(https:\/\/www.sitech.nl\/wp-content\/uploads\/2024\/01\/cta-contact-bg.svg);background-position: bottom left;background-repeat: no-repeat;background-size: contain;\"><\/div><div class=\"l-section-h i-cf\"><div class=\"g-cols vc_row via_flex valign_top type_default stacking_default\"><div class=\"vc_col-sm-12 wpb_column vc_column_container\"><div class=\"vc_column-inner\"><div class=\"wpb_wrapper\"><div class=\"g-cols wpb_row via_flex valign_top type_default stacking_default\"><div class=\"vc_col-sm-3 wpb_column vc_column_container\"><div class=\"vc_column-inner\"><div class=\"wpb_wrapper\"><\/div><\/div><\/div><div class=\"vc_col-sm-9 wpb_column vc_column_container\"><div class=\"vc_column-inner\"><div class=\"wpb_wrapper\"><div class=\"wpb_text_column us_custom_a5c88937\"><div class=\"wpb_wrapper\"><h3>Interesse om met ons samen te werken?<\/h3>\n<\/div><\/div><\/div><\/div><\/div><\/div><div class=\"g-cols wpb_row via_flex valign_top type_default stacking_default\"><div class=\"vc_col-sm-3 wpb_column vc_column_container\"><div class=\"vc_column-inner\"><div class=\"wpb_wrapper\"><\/div><\/div><\/div><div class=\"vc_col-sm-5 wpb_column vc_column_container\"><div class=\"vc_column-inner\"><div class=\"wpb_wrapper\"><div class=\"wpb_text_column\"><div class=\"wpb_wrapper\"><p>Dan hoeft u alleen maar contact met ons op te nemen. Wij maken graag persoonlijk kennis met u om te bespreken hoe wij u kunnen helpen.<\/p>\n<\/div><\/div><div class=\"w-hwrapper us_custom_5c07cc07 valign_middle align_none\"><div class=\"w-btn-wrapper align_none\"><a class=\"w-btn us-btn-style_1 us_custom_a3dda067 icon_atleft\" href=\"\/nl\/contact\/\"><i class=\"far fa-envelope\"><\/i><span class=\"w-btn-label\">Neem contact met ons op<\/span><\/a><\/div><div class=\"w-btn-wrapper align_none\"><a class=\"w-btn us-btn-style_2 icon_atleft\" href=\"tel:+31 (0)46 476 60 66\"><i class=\"fas fa-phone\"><\/i><span class=\"w-btn-label\">+31 (0)46 476 60 66<\/span><\/a><\/div><\/div><\/div><\/div><\/div><div class=\"vc_col-sm-4 wpb_column vc_column_container mc--cta-person\"><div class=\"vc_column-inner\"><div class=\"wpb_wrapper\"><div class=\"w-image align_none\"><div class=\"w-image-h\"><img decoding=\"async\" width=\"300\" height=\"300\" src=\"https:\/\/www.sitech.nl\/wp-content\/uploads\/2024\/01\/Business-Foto-sdereede-1-300x300.jpg\" class=\"attachment-medium size-medium\" alt=\"\" loading=\"lazy\" srcset=\"https:\/\/www.sitech.nl\/wp-content\/uploads\/2024\/01\/Business-Foto-sdereede-1-300x300.jpg 300w, https:\/\/www.sitech.nl\/wp-content\/uploads\/2024\/01\/Business-Foto-sdereede-1-150x150.jpg 150w, https:\/\/www.sitech.nl\/wp-content\/uploads\/2024\/01\/Business-Foto-sdereede-1.jpg 960w\" sizes=\"auto, (max-width: 300px) 100vw, 300px\" \/><\/div><\/div><div class=\"wpb_text_column\"><div class=\"wpb_wrapper\"><h5>Sebastiaan de Reede<\/h5>\n<p>Business Development Manager<\/p>\n<\/div><\/div><\/div><\/div><\/div><\/div><\/div><\/div><\/div><\/div><\/div><\/section>\n<\/div><\/div><\/div><\/div><\/div><\/section>\n","protected":false},"excerpt":{"rendered":"HomePagina'sFire Brigade Chemelot is onze thuisbasis; hier beschermen we mensen en fabrieken en doen we er alles aan om de gevolgen van incidenten voor omgeving en milieu te beperken. Wij zijn gespecialiseerd in industri\u00eble brandbestrijding en weten als geen ander snel en effici\u00ebnt te reageren op incidenten. Industri\u00eble brandbestrijding is werk voor specialisten Industri\u00eble incidenten...","protected":false},"author":1,"featured_media":3388,"parent":3147,"menu_order":0,"comment_status":"closed","ping_status":"closed","template":"","meta":{"_acf_changed":false,"footnotes":""},"class_list":["post-3151","page","type-page","status-publish","has-post-thumbnail","hentry"],"acf":[],"yoast_head":"<!-- This site is optimized with the Yoast SEO plugin v27.1.1 - https:\/\/yoast.com\/product\/yoast-seo-wordpress\/ -->\n<title>Brandweer Brigade - Ebert HERA<\/title>\n<meta name=\"robots\" content=\"index, follow, max-snippet:-1, max-image-preview:large, max-video-preview:-1\" \/>\n<link rel=\"canonical\" href=\"https:\/\/www.sitech.nl\/nl\/fire-brigade-security\/brandweer-brigade\/\" \/>\n<meta property=\"og:locale\" content=\"nl_NL\" \/>\n<meta property=\"og:type\" content=\"article\" \/>\n<meta property=\"og:title\" content=\"Brandweer Brigade - Ebert HERA\" \/>\n<meta property=\"og:url\" content=\"https:\/\/www.sitech.nl\/nl\/fire-brigade-security\/brandweer-brigade\/\" \/>\n<meta property=\"og:site_name\" content=\"Ebert HERA\" \/>\n<meta property=\"article:modified_time\" content=\"2024-03-13T14:44:46+00:00\" \/>\n<meta property=\"og:image\" content=\"https:\/\/www.sitech.nl\/wp-content\/uploads\/2024\/03\/1backside-1024x683.png\" \/>\n\t<meta property=\"og:image:width\" content=\"1024\" \/>\n\t<meta property=\"og:image:height\" content=\"683\" \/>\n\t<meta property=\"og:image:type\" content=\"image\/png\" \/>\n<meta name=\"twitter:card\" content=\"summary_large_image\" \/>\n<meta name=\"twitter:label1\" content=\"Geschatte leestijd\" \/>\n\t<meta name=\"twitter:data1\" content=\"3 minuten\" \/>\n<script type=\"application\/ld+json\" class=\"yoast-schema-graph\">{\"@context\":\"https:\/\/schema.org\",\"@graph\":[{\"@type\":\"WebPage\",\"@id\":\"https:\/\/www.sitech.nl\/nl\/fire-brigade-security\/brandweer-brigade\/\",\"url\":\"https:\/\/www.sitech.nl\/nl\/fire-brigade-security\/brandweer-brigade\/\",\"name\":\"Brandweer Brigade - Ebert HERA\",\"isPartOf\":{\"@id\":\"https:\/\/www.sitech.nl\/nl\/#website\"},\"primaryImageOfPage\":{\"@id\":\"https:\/\/www.sitech.nl\/nl\/fire-brigade-security\/brandweer-brigade\/#primaryimage\"},\"image\":{\"@id\":\"https:\/\/www.sitech.nl\/nl\/fire-brigade-security\/brandweer-brigade\/#primaryimage\"},\"thumbnailUrl\":\"https:\/\/www.sitech.nl\/wp-content\/uploads\/2024\/03\/1backside.png\",\"datePublished\":\"2024-01-23T12:43:10+00:00\",\"dateModified\":\"2024-03-13T14:44:46+00:00\",\"breadcrumb\":{\"@id\":\"https:\/\/www.sitech.nl\/nl\/fire-brigade-security\/brandweer-brigade\/#breadcrumb\"},\"inLanguage\":\"nl-NL\",\"potentialAction\":[{\"@type\":\"ReadAction\",\"target\":[\"https:\/\/www.sitech.nl\/nl\/fire-brigade-security\/brandweer-brigade\/\"]}]},{\"@type\":\"ImageObject\",\"inLanguage\":\"nl-NL\",\"@id\":\"https:\/\/www.sitech.nl\/nl\/fire-brigade-security\/brandweer-brigade\/#primaryimage\",\"url\":\"https:\/\/www.sitech.nl\/wp-content\/uploads\/2024\/03\/1backside.png\",\"contentUrl\":\"https:\/\/www.sitech.nl\/wp-content\/uploads\/2024\/03\/1backside.png\",\"width\":5184,\"height\":3456},{\"@type\":\"BreadcrumbList\",\"@id\":\"https:\/\/www.sitech.nl\/nl\/fire-brigade-security\/brandweer-brigade\/#breadcrumb\",\"itemListElement\":[{\"@type\":\"ListItem\",\"position\":1,\"name\":\"Home\",\"item\":\"https:\/\/www.sitech.nl\/nl\/\"},{\"@type\":\"ListItem\",\"position\":2,\"name\":\"Fire Brigade &#038; Security\",\"item\":\"https:\/\/www.sitech.nl\/nl\/fire-brigade-security\/\"},{\"@type\":\"ListItem\",\"position\":3,\"name\":\"Brandweer Brigade\"}]},{\"@type\":\"WebSite\",\"@id\":\"https:\/\/www.sitech.nl\/nl\/#website\",\"url\":\"https:\/\/www.sitech.nl\/nl\/\",\"name\":\"Ebert HERA\",\"description\":\"\",\"potentialAction\":[{\"@type\":\"SearchAction\",\"target\":{\"@type\":\"EntryPoint\",\"urlTemplate\":\"https:\/\/www.sitech.nl\/nl\/?s={search_term_string}\"},\"query-input\":{\"@type\":\"PropertyValueSpecification\",\"valueRequired\":true,\"valueName\":\"search_term_string\"}}],\"inLanguage\":\"nl-NL\"}]}<\/script>\n<!-- \/ Yoast SEO plugin. -->","yoast_head_json":{"title":"Brandweer Brigade - Ebert HERA","robots":{"index":"index","follow":"follow","max-snippet":"max-snippet:-1","max-image-preview":"max-image-preview:large","max-video-preview":"max-video-preview:-1"},"canonical":"https:\/\/www.sitech.nl\/nl\/fire-brigade-security\/brandweer-brigade\/","og_locale":"nl_NL","og_type":"article","og_title":"Brandweer Brigade - Ebert HERA","og_url":"https:\/\/www.sitech.nl\/nl\/fire-brigade-security\/brandweer-brigade\/","og_site_name":"Ebert HERA","article_modified_time":"2024-03-13T14:44:46+00:00","og_image":[{"width":1024,"height":683,"url":"https:\/\/www.sitech.nl\/wp-content\/uploads\/2024\/03\/1backside-1024x683.png","type":"image\/png"}],"twitter_card":"summary_large_image","twitter_misc":{"Geschatte leestijd":"3 minuten"},"schema":{"@context":"https:\/\/schema.org","@graph":[{"@type":"WebPage","@id":"https:\/\/www.sitech.nl\/nl\/fire-brigade-security\/brandweer-brigade\/","url":"https:\/\/www.sitech.nl\/nl\/fire-brigade-security\/brandweer-brigade\/","name":"Brandweer Brigade - Ebert HERA","isPartOf":{"@id":"https:\/\/www.sitech.nl\/nl\/#website"},"primaryImageOfPage":{"@id":"https:\/\/www.sitech.nl\/nl\/fire-brigade-security\/brandweer-brigade\/#primaryimage"},"image":{"@id":"https:\/\/www.sitech.nl\/nl\/fire-brigade-security\/brandweer-brigade\/#primaryimage"},"thumbnailUrl":"https:\/\/www.sitech.nl\/wp-content\/uploads\/2024\/03\/1backside.png","datePublished":"2024-01-23T12:43:10+00:00","dateModified":"2024-03-13T14:44:46+00:00","breadcrumb":{"@id":"https:\/\/www.sitech.nl\/nl\/fire-brigade-security\/brandweer-brigade\/#breadcrumb"},"inLanguage":"nl-NL","potentialAction":[{"@type":"ReadAction","target":["https:\/\/www.sitech.nl\/nl\/fire-brigade-security\/brandweer-brigade\/"]}]},{"@type":"ImageObject","inLanguage":"nl-NL","@id":"https:\/\/www.sitech.nl\/nl\/fire-brigade-security\/brandweer-brigade\/#primaryimage","url":"https:\/\/www.sitech.nl\/wp-content\/uploads\/2024\/03\/1backside.png","contentUrl":"https:\/\/www.sitech.nl\/wp-content\/uploads\/2024\/03\/1backside.png","width":5184,"height":3456},{"@type":"BreadcrumbList","@id":"https:\/\/www.sitech.nl\/nl\/fire-brigade-security\/brandweer-brigade\/#breadcrumb","itemListElement":[{"@type":"ListItem","position":1,"name":"Home","item":"https:\/\/www.sitech.nl\/nl\/"},{"@type":"ListItem","position":2,"name":"Fire Brigade &#038; Security","item":"https:\/\/www.sitech.nl\/nl\/fire-brigade-security\/"},{"@type":"ListItem","position":3,"name":"Brandweer Brigade"}]},{"@type":"WebSite","@id":"https:\/\/www.sitech.nl\/nl\/#website","url":"https:\/\/www.sitech.nl\/nl\/","name":"Ebert HERA","description":"","potentialAction":[{"@type":"SearchAction","target":{"@type":"EntryPoint","urlTemplate":"https:\/\/www.sitech.nl\/nl\/?s={search_term_string}"},"query-input":{"@type":"PropertyValueSpecification","valueRequired":true,"valueName":"search_term_string"}}],"inLanguage":"nl-NL"}]}},"_links":{"self":[{"href":"https:\/\/www.sitech.nl\/nl\/wp-json\/wp\/v2\/pages\/3151","targetHints":{"allow":["GET"]}}],"collection":[{"href":"https:\/\/www.sitech.nl\/nl\/wp-json\/wp\/v2\/pages"}],"about":[{"href":"https:\/\/www.sitech.nl\/nl\/wp-json\/wp\/v2\/types\/page"}],"author":[{"embeddable":true,"href":"https:\/\/www.sitech.nl\/nl\/wp-json\/wp\/v2\/users\/1"}],"replies":[{"embeddable":true,"href":"https:\/\/www.sitech.nl\/nl\/wp-json\/wp\/v2\/comments?post=3151"}],"version-history":[{"count":4,"href":"https:\/\/www.sitech.nl\/nl\/wp-json\/wp\/v2\/pages\/3151\/revisions"}],"predecessor-version":[{"id":3411,"href":"https:\/\/www.sitech.nl\/nl\/wp-json\/wp\/v2\/pages\/3151\/revisions\/3411"}],"up":[{"embeddable":true,"href":"https:\/\/www.sitech.nl\/nl\/wp-json\/wp\/v2\/pages\/3147"}],"wp:featuredmedia":[{"embeddable":true,"href":"https:\/\/www.sitech.nl\/nl\/wp-json\/wp\/v2\/media\/3388"}],"wp:attachment":[{"href":"https:\/\/www.sitech.nl\/nl\/wp-json\/wp\/v2\/media?parent=3151"}],"curies":[{"name":"wp","href":"https:\/\/api.w.org\/{rel}","templated":true}]}}