{"id":3162,"date":"2024-01-15T15:55:16","date_gmt":"2024-01-15T14:55:16","guid":{"rendered":"https:\/\/www.sitech.nl\/?page_id=3162"},"modified":"2024-07-04T16:55:30","modified_gmt":"2024-07-04T14:55:30","slug":"integrated-services","status":"publish","type":"page","link":"https:\/\/www.sitech.nl\/nl\/integrated-services\/","title":{"rendered":"Integrated Services"},"content":{"rendered":"<section class=\"l-section wpb_row mc--service-detail-header height_medium with_img\"><div class=\"l-section-img\" role=\"img\" aria-label=\"Afbeelding\" data-img-width=\"\" data-img-height=\"\" style=\"background-image: url(https:\/\/www.sitech.nl\/wp-content\/uploads\/2024\/01\/header-service-detail-bg.svg);background-position: center right;background-repeat: no-repeat;background-size: contain;\"><\/div><div class=\"l-section-h i-cf\"><div class=\"g-cols vc_row via_flex valign_top type_default stacking_default\"><div class=\"vc_col-sm-12 wpb_column vc_column_container\"><div class=\"vc_column-inner\"><div class=\"wpb_wrapper\"><div class=\"g-cols wpb_row mc--service-detail-inner-row via_flex valign_top type_default stacking_default\"><div class=\"vc_col-sm-7 wpb_column vc_column_container\"><div class=\"vc_column-inner\"><div class=\"wpb_wrapper\"><div class=\"wpb_text_column\"><div class=\"wpb_wrapper\"><h1><strong>Integrated Services<\/strong><br \/>\nWe achieve results together.<\/h1>\n<\/div><\/div><div class=\"wpb_text_column\"><div class=\"wpb_wrapper\"><p>Onze ge\u00efntegreerde dienstverlening staat voor een complete en geco\u00f6rdineerde aanpak, waarin een nauwe samenwerking tussen de organisatie van de klant en ons centraal staat. Verschillende activiteiten worden ge\u00efntegreerd in \u00e9\u00e9n samenhangende strategie, die leidt tot een kwalitatief hoogwaardige uitvoering. Dit omvat alles, van preventief en predictief onderhoud tot complexe turnarounds, condition monitoring, asset management en naleving van veiligheidsnormen.<\/p>\n<p>Onze holistische benadering is gericht op het waarborgen van de betrouwbaarheid, veiligheid, effici\u00ebntie en duurzaamheid van fabrieken en installaties. Het gezamenlijke doel is om de prestaties van de assets te optimaliseren, terwijl we tegelijkertijd de downtime en operationele risico&#8217;s tot een minimum beperken.<\/p>\n<p>Deze bewezen methode is het resultaat van jarenlange samenwerking met vooraanstaande klanten in de chemische procesindustrie.<\/p>\n<\/div><\/div><\/div><\/div><\/div><div class=\"vc_col-sm-5 wpb_column vc_column_container stretched\"><div class=\"vc_column-inner\"><div class=\"wpb_wrapper\"><div class=\"w-image mc--detail-header-mask has_ratio align_none\"><div class=\"w-image-h\"><div style=\"padding-bottom:100%\"><\/div><img decoding=\"async\" width=\"1024\" height=\"684\" src=\"https:\/\/www.sitech.nl\/wp-content\/uploads\/2024\/01\/0001_2014_sitech_chemelot-1024x684.jpg\" class=\"attachment-large size-large\" alt=\"\" loading=\"lazy\" \/><\/div><\/div><\/div><\/div><\/div><\/div><\/div><\/div><\/div><\/div><\/div><\/section><section class=\"l-section wpb_row us_custom_19737bc8 height_medium width_full\"><div class=\"l-section-h i-cf\"><div class=\"g-cols vc_row via_flex valign_top type_default stacking_default\"><div class=\"vc_col-sm-12 wpb_column vc_column_container\"><div class=\"vc_column-inner\"><div class=\"wpb_wrapper\"><div class=\"w-grid us_grid type_grid layout_495 cols_3 preload_style_spinner ratio_1x1\" id=\"us_grid_1\" style=\"--columns:3;--gap:0rem;--item-ratio:1;\"><style>@media (max-width:600px){#us_grid_1{--columns:1!important}}.layout_495 .w-grid-item-h{}.layout_495 .usg_post_image_1{transition-duration:0.35s}.layout_495 .w-grid-item-h:focus-within .usg_post_image_1,.layout_495 .w-grid-item-h:hover .usg_post_image_1{}.layout_495 .usg_vwrapper_1{transition-duration:0.7s}.layout_495 .w-grid-item-h:focus-within .usg_vwrapper_1,.layout_495 .w-grid-item-h:hover .usg_vwrapper_1{background:linear-gradient(transparent,rgba(76,65,132,1))!important}.layout_495 .usg_post_image_1{position:absolute!important;left:0!important;top:0!important;bottom:0!important;right:0!important}.layout_495 .usg_vwrapper_1{position:absolute!important;left:0!important;bottom:0!important;right:0!important;background:linear-gradient(transparent,rgba(0,0,0,0.5))!important;padding:4rem 2rem 1.5rem 2rem!important}.layout_495 .usg_post_title_1{color:#ffffff!important;font-size:1.2rem!important}<\/style><div class=\"w-grid-list\">\t<article class=\"w-grid-item size_1x1 post-3160 page type-page status-publish has-post-thumbnail hentry\" data-id=\"3160\">\r\n\t\t<div class=\"w-grid-item-h\">\r\n\t\t\t\t\t\t\t<a href=\"https:\/\/www.sitech.nl\/nl\/integrated-services\/integrated-turnaround-management\/\" class=\"w-grid-item-anchor\" aria-label=\"Integrated Turnaround Management\"><\/a>\r\n\t\t\t\t\t\t<div class=\"w-post-elm post_image usg_post_image_1 stretched\"><img loading=\"lazy\" decoding=\"async\" width=\"1024\" height=\"681\" src=\"https:\/\/www.sitech.nl\/wp-content\/uploads\/2024\/01\/integrated_turnaround_management-1024x681.jpg\" class=\"attachment-large size-large wp-post-image\" alt=\"\" srcset=\"https:\/\/www.sitech.nl\/wp-content\/uploads\/2024\/01\/integrated_turnaround_management-1024x681.jpg 1024w, https:\/\/www.sitech.nl\/wp-content\/uploads\/2024\/01\/integrated_turnaround_management-300x200.jpg 300w, https:\/\/www.sitech.nl\/wp-content\/uploads\/2024\/01\/integrated_turnaround_management.jpg 1623w\" sizes=\"auto, (max-width: 1024px) 100vw, 1024px\" \/><\/div><div class=\"w-vwrapper usg_vwrapper_1 mc--integrated-services-grid\"><h3 class=\"w-post-elm post_title usg_post_title_1 has_text_color entry-title color_link_inherit\">Integrated Turnaround Management<\/h3><\/div>\t\t<\/div>\r\n\t\t\t<\/article>\r\n\t<article class=\"w-grid-item size_1x1 post-3158 page type-page status-publish has-post-thumbnail hentry\" data-id=\"3158\">\r\n\t\t<div class=\"w-grid-item-h\">\r\n\t\t\t\t\t\t\t<a href=\"https:\/\/www.sitech.nl\/nl\/integrated-services\/integrated-maintenance-operations\/\" class=\"w-grid-item-anchor\" aria-label=\"Integrated Maintenance Operations\"><\/a>\r\n\t\t\t\t\t\t<div class=\"w-post-elm post_image usg_post_image_1 stretched\"><img loading=\"lazy\" decoding=\"async\" width=\"1024\" height=\"683\" src=\"https:\/\/www.sitech.nl\/wp-content\/uploads\/2024\/01\/integrated_maintenance_operations_twan-1-1024x683.jpg\" class=\"attachment-large size-large wp-post-image\" alt=\"\" srcset=\"https:\/\/www.sitech.nl\/wp-content\/uploads\/2024\/01\/integrated_maintenance_operations_twan-1-1024x683.jpg 1024w, https:\/\/www.sitech.nl\/wp-content\/uploads\/2024\/01\/integrated_maintenance_operations_twan-1-300x200.jpg 300w, https:\/\/www.sitech.nl\/wp-content\/uploads\/2024\/01\/integrated_maintenance_operations_twan-1.jpg 1620w\" sizes=\"auto, (max-width: 1024px) 100vw, 1024px\" \/><\/div><div class=\"w-vwrapper usg_vwrapper_1 mc--integrated-services-grid\"><h3 class=\"w-post-elm post_title usg_post_title_1 has_text_color entry-title color_link_inherit\">Integrated Maintenance Operations<\/h3><\/div>\t\t<\/div>\r\n\t\t\t<\/article>\r\n\t<article class=\"w-grid-item size_1x1 post-3159 page type-page status-publish has-post-thumbnail hentry\" data-id=\"3159\">\r\n\t\t<div class=\"w-grid-item-h\">\r\n\t\t\t\t\t\t\t<a href=\"https:\/\/www.sitech.nl\/nl\/integrated-services\/integrated-modification-projects\/\" class=\"w-grid-item-anchor\" aria-label=\"Integrated Modification Projects\"><\/a>\r\n\t\t\t\t\t\t<div class=\"w-post-elm post_image usg_post_image_1 stretched\"><img loading=\"lazy\" decoding=\"async\" width=\"1024\" height=\"666\" src=\"https:\/\/www.sitech.nl\/wp-content\/uploads\/2024\/01\/integrated_modification_projects-1024x666.jpg\" class=\"attachment-large size-large wp-post-image\" alt=\"\" srcset=\"https:\/\/www.sitech.nl\/wp-content\/uploads\/2024\/01\/integrated_modification_projects-1024x666.jpg 1024w, https:\/\/www.sitech.nl\/wp-content\/uploads\/2024\/01\/integrated_modification_projects-300x195.jpg 300w, https:\/\/www.sitech.nl\/wp-content\/uploads\/2024\/01\/integrated_modification_projects.jpg 1620w\" sizes=\"auto, (max-width: 1024px) 100vw, 1024px\" \/><\/div><div class=\"w-vwrapper usg_vwrapper_1 mc--integrated-services-grid\"><h3 class=\"w-post-elm post_title usg_post_title_1 has_text_color entry-title color_link_inherit\">Integrated Modification Projects<\/h3><\/div>\t\t<\/div>\r\n\t\t\t<\/article>\r\n<\/div>\t<div class=\"w-grid-preloader\">\r\n\t\t<div class=\"g-preloader type_1\">\r\n\t\t\t<div><\/div>\r\n\t\t<\/div>\r\n\t<\/div>\r\n\t\t<div class=\"w-grid-json hidden\" onclick='return {&quot;action&quot;:&quot;us_ajax_grid&quot;,&quot;infinite_scroll&quot;:0,&quot;max_num_pages&quot;:1,&quot;pagination&quot;:&quot;none&quot;,&quot;template_vars&quot;:{&quot;columns&quot;:&quot;3&quot;,&quot;exclude_items&quot;:&quot;none&quot;,&quot;img_size&quot;:&quot;default&quot;,&quot;ignore_items_size&quot;:0,&quot;items_layout&quot;:&quot;495&quot;,&quot;items_offset&quot;:&quot;1&quot;,&quot;load_animation&quot;:&quot;none&quot;,&quot;overriding_link&quot;:&quot;%7B%22type%22%3A%22post%22%7D&quot;,&quot;post_id&quot;:0,&quot;query_args&quot;:{&quot;ignore_sticky_posts&quot;:1,&quot;post_type&quot;:&quot;any&quot;,&quot;post__in&quot;:[&quot;488&quot;,&quot;491&quot;,&quot;493&quot;],&quot;posts_per_page&quot;:&quot;3&quot;},&quot;orderby_query_args&quot;:{&quot;orderby&quot;:{&quot;post__in&quot;:&quot;ASC&quot;},&quot;order&quot;:&quot;ASC&quot;},&quot;type&quot;:&quot;grid&quot;,&quot;us_grid_post_type&quot;:&quot;ids&quot;,&quot;us_grid_ajax_index&quot;:1,&quot;us_grid_filter_query_string&quot;:null,&quot;us_grid_index&quot;:1,&quot;page_args&quot;:[],&quot;lang&quot;:&quot;nl&quot;}}'><\/div>\r\n\t<\/div><\/div><\/div><\/div><\/div><\/div><\/section><section class=\"l-section wpb_row height_medium\"><div class=\"l-section-h i-cf\"><div class=\"g-cols vc_row via_flex valign_top type_default stacking_default\"><div class=\"vc_col-sm-12 wpb_column vc_column_container\"><div class=\"vc_column-inner\"><div class=\"wpb_wrapper\"><div class=\"wpb_text_column\"><div class=\"wpb_wrapper\"><h3>Comprehensive services<\/h3>\n<p><span class=\"TextRun SCXW36649293 BCX0\" lang=\"NL-NL\" xml:lang=\"NL-NL\" data-contrast=\"auto\"><span class=\"NormalTextRun SCXW36649293 BCX0\">Onze volledig ge\u00efntegreerde aanpak omvat <\/span><\/span><span class=\"TextRun SCXW36649293 BCX0\" lang=\"NL-NL\" xml:lang=\"NL-NL\" data-contrast=\"none\"><span class=\"NormalTextRun SCXW36649293 BCX0\">Engineering<\/span><\/span><span class=\"TextRun SCXW36649293 BCX0\" lang=\"NL-NL\" xml:lang=\"NL-NL\" data-contrast=\"auto\"><span class=\"NormalTextRun SCXW36649293 BCX0\">-diensten met uitgebreide kennis en ervaring <\/span><span class=\"NormalTextRun SCXW36649293 BCX0\">van <\/span><span class=\"NormalTextRun SCXW36649293 BCX0\">een breed scala aan technische disciplines, evenals onze Fire Brigade &amp; Security-diensten, die gespecialiseerd zijn in incidentbestrijding in industri\u00eble en <\/span><span class=\"NormalTextRun SpellingErrorV2Themed SCXW36649293 BCX0\">onderzoeksomgevingen<\/span><span class=\"NormalTextRun SCXW36649293 BCX0\"> en een sterke band hebben met regionale en nationale autoriteiten.<\/span><\/span><span class=\"EOP SCXW36649293 BCX0\" data-ccp-props=\"{&quot;201341983&quot;:0,&quot;335559739&quot;:0,&quot;335559740&quot;:259}\">\u00a0<\/span><\/p>\n<\/div><\/div><\/div><\/div><\/div><\/div><\/div><\/section><section class=\"l-section wpb_row mc--blauw mc--technology-innovation height_auto\"><div class=\"l-section-overlay\" style=\"background:var(--color-header-top-text-hover)\"><\/div><div class=\"l-section-h i-cf\"><div class=\"g-cols vc_row via_flex valign_top type_default stacking_default\"><div class=\"vc_col-sm-5 wpb_column vc_column_container has_bg_color stretched\"><div class=\"vc_column-inner us_custom_ff0dd673\"><div class=\"wpb_wrapper\"><\/div><\/div><\/div><div class=\"vc_col-sm-7 wpb_column vc_column_container\"><div class=\"vc_column-inner us_custom_1779c4bd\"><div class=\"wpb_wrapper\"><div class=\"wpb_text_column\"><div class=\"wpb_wrapper\"><h3><span class=\"TextRun MacChromeBold SCXW163666583 BCX0\" lang=\"NL-NL\" xml:lang=\"NL-NL\" data-contrast=\"none\"><span class=\"NormalTextRun SCXW163666583 BCX0\">Engineering<\/span> <span class=\"NormalTextRun SCXW163666583 BCX0\">S<\/span><span class=\"NormalTextRun SCXW163666583 BCX0\">ervices<\/span><\/span><span class=\"EOP SCXW163666583 BCX0\" data-ccp-props=\"{&quot;201341983&quot;:0,&quot;335559739&quot;:0,&quot;335559740&quot;:259}\">\u00a0<\/span><\/h3>\n<p><span class=\"TextRun SCXW105970403 BCX0\" lang=\"NL-NL\" xml:lang=\"NL-NL\" data-contrast=\"auto\"><span class=\"NormalTextRun SCXW105970403 BCX0\">Gebundelde <\/span><span class=\"NormalTextRun SCXW105970403 BCX0\">engineering <\/span><span class=\"NormalTextRun SCXW105970403 BCX0\">kennis<\/span> <span class=\"NormalTextRun SCXW105970403 BCX0\">om fabrieksprestaties te maximaliseren<\/span><span class=\"NormalTextRun SCXW105970403 BCX0\">,<\/span><span class=\"NormalTextRun SCXW105970403 BCX0\"> uniek in omvang en variatie<\/span><span class=\"NormalTextRun SCXW105970403 BCX0\">. Of het nu gaat om veiligheid, duurzaamheid of fabrieksprestaties; onze hoogopgeleide specialisten ondersteunen klanten over de hele linie om slimmer, anders en beter te produceren.<\/span><\/span><span class=\"EOP SCXW105970403 BCX0\" data-ccp-props=\"{&quot;201341983&quot;:0,&quot;335559739&quot;:0,&quot;335559740&quot;:259}\">\u00a0<\/span><\/p>\n<\/div><\/div><div class=\"w-btn-wrapper align_none\"><a class=\"w-btn us-btn-style_4\" href=\"https:\/\/www.sitech.nl\/nl\/engineering-services\/\"><span class=\"w-btn-label\">Lees meer<\/span><\/a><\/div><\/div><\/div><\/div><\/div><\/div><\/section><section class=\"l-section wpb_row mc--blauw mc--fire-security height_auto\"><div class=\"l-section-overlay\" style=\"background:var(--color-content-secondary)\"><\/div><div class=\"l-section-h i-cf\"><div class=\"g-cols vc_row via_flex valign_top type_default reversed stacking_default\"><div class=\"vc_col-sm-7 wpb_column vc_column_container\"><div class=\"vc_column-inner us_custom_1779c4bd\"><div class=\"wpb_wrapper\"><div class=\"wpb_text_column\"><div class=\"wpb_wrapper\"><h3>Fire Brigade &amp; Security<\/h3>\n<p>Als specialist in incidentbestrijding in industri\u00eble en onderzoeksomgevingen levert Sitech 24\/7 brand- en beveiligingszorg van hoge kwaliteit, waarbij incidenten worden beheerst en de impact op omwonenden en het milieu tot een minimum wordt beperkt.<\/p>\n<\/div><\/div><div class=\"w-btn-wrapper align_none\"><a class=\"w-btn us-btn-style_5\" href=\"\/fire-brigade-security\/\"><span class=\"w-btn-label\">Lees meer<\/span><\/a><\/div><\/div><\/div><\/div><div class=\"vc_col-sm-5 wpb_column vc_column_container has_bg_color stretched\"><div class=\"vc_column-inner us_custom_6c0dd9e4\"><div class=\"wpb_wrapper\"><\/div><\/div><\/div><\/div><\/div><\/section><section class=\"l-section wpb_row us_custom_19737bc8 height_medium width_full\"><div class=\"l-section-h i-cf\"><div class=\"g-cols vc_row via_flex valign_top type_default stacking_default\"><div class=\"vc_col-sm-12 wpb_column vc_column_container\"><div class=\"vc_column-inner\"><div class=\"wpb_wrapper\"><style data-type=\"us_custom-css\">.mc--cta-contact-rb h3{font-size:2.5rem!important;margin-bottom:0.5em}<\/style><section class=\"l-section wpb_row mc--cta-contact-rb height_medium width_full with_img\"><div class=\"l-section-img\" role=\"img\" aria-label=\"Afbeelding\" data-img-width=\"\" data-img-height=\"\" style=\"background-image: url(https:\/\/www.sitech.nl\/wp-content\/uploads\/2024\/01\/cta-contact-bg.svg);background-position: bottom left;background-repeat: no-repeat;background-size: contain;\"><\/div><div class=\"l-section-h i-cf\"><div class=\"g-cols vc_row via_flex valign_top type_default stacking_default\"><div class=\"vc_col-sm-12 wpb_column vc_column_container\"><div class=\"vc_column-inner\"><div class=\"wpb_wrapper\"><div class=\"g-cols wpb_row via_flex valign_top type_default stacking_default\"><div class=\"vc_col-sm-3 wpb_column vc_column_container\"><div class=\"vc_column-inner\"><div class=\"wpb_wrapper\"><\/div><\/div><\/div><div class=\"vc_col-sm-9 wpb_column vc_column_container\"><div class=\"vc_column-inner\"><div class=\"wpb_wrapper\"><div class=\"wpb_text_column us_custom_a5c88937\"><div class=\"wpb_wrapper\"><h3>Interesse om met ons samen te werken?<\/h3>\n<\/div><\/div><\/div><\/div><\/div><\/div><div class=\"g-cols wpb_row via_flex valign_top type_default stacking_default\"><div class=\"vc_col-sm-3 wpb_column vc_column_container\"><div class=\"vc_column-inner\"><div class=\"wpb_wrapper\"><\/div><\/div><\/div><div class=\"vc_col-sm-5 wpb_column vc_column_container\"><div class=\"vc_column-inner\"><div class=\"wpb_wrapper\"><div class=\"wpb_text_column\"><div class=\"wpb_wrapper\"><p>Dan hoeft u alleen maar contact met ons op te nemen. Wij maken graag persoonlijk kennis met u om te bespreken hoe wij u kunnen helpen.<\/p>\n<\/div><\/div><div class=\"w-hwrapper us_custom_5c07cc07 valign_middle align_none\"><div class=\"w-btn-wrapper align_none\"><a class=\"w-btn us-btn-style_1 us_custom_a3dda067 icon_atleft\" href=\"\/nl\/contact\/\"><i class=\"far fa-envelope\"><\/i><span class=\"w-btn-label\">Neem contact met ons op<\/span><\/a><\/div><div class=\"w-btn-wrapper align_none\"><a class=\"w-btn us-btn-style_2 icon_atleft\" href=\"tel:+31 (0)46 476 60 66\"><i class=\"fas fa-phone\"><\/i><span class=\"w-btn-label\">+31 (0)46 476 60 66<\/span><\/a><\/div><\/div><\/div><\/div><\/div><div class=\"vc_col-sm-4 wpb_column vc_column_container mc--cta-person\"><div class=\"vc_column-inner\"><div class=\"wpb_wrapper\"><div class=\"w-image align_none\"><div class=\"w-image-h\"><img decoding=\"async\" width=\"300\" height=\"300\" src=\"https:\/\/www.sitech.nl\/wp-content\/uploads\/2024\/01\/Business-Foto-sdereede-1-300x300.jpg\" class=\"attachment-medium size-medium\" alt=\"\" loading=\"lazy\" srcset=\"https:\/\/www.sitech.nl\/wp-content\/uploads\/2024\/01\/Business-Foto-sdereede-1-300x300.jpg 300w, https:\/\/www.sitech.nl\/wp-content\/uploads\/2024\/01\/Business-Foto-sdereede-1-150x150.jpg 150w, https:\/\/www.sitech.nl\/wp-content\/uploads\/2024\/01\/Business-Foto-sdereede-1.jpg 960w\" sizes=\"auto, (max-width: 300px) 100vw, 300px\" \/><\/div><\/div><div class=\"wpb_text_column\"><div class=\"wpb_wrapper\"><h5>Sebastiaan de Reede<\/h5>\n<p>Business Development Manager<\/p>\n<\/div><\/div><\/div><\/div><\/div><\/div><\/div><\/div><\/div><\/div><\/div><\/section>\n<\/div><\/div><\/div><\/div><\/div><\/section>\n","protected":false},"excerpt":{"rendered":"Integrated Modification Projects Integrated Modification Projects Integrated Modification Projects Integrated Modification Projects Integrated Modification Projects Integrated Modification Projects Integrated Modification Projects Integrated Modification Projects Integrated Modification Projects Dankzij onze uitgebreide kennis en ervaring in onderhoud en modificatie binnen de chemische industrie, hebben we een flexibel uitvoeringsmodel ontworpen dat zich effici\u00ebnt aanpast aan de veranderende eisen...","protected":false},"author":1,"featured_media":0,"parent":0,"menu_order":0,"comment_status":"closed","ping_status":"closed","template":"","meta":{"_acf_changed":false,"footnotes":""},"class_list":["post-3162","page","type-page","status-publish","hentry"],"acf":[],"yoast_head":"<!-- This site is optimized with the Yoast SEO plugin v27.1.1 - https:\/\/yoast.com\/product\/yoast-seo-wordpress\/ -->\n<title>Integrated Services - Ebert HERA<\/title>\n<meta name=\"robots\" content=\"index, follow, max-snippet:-1, max-image-preview:large, max-video-preview:-1\" \/>\n<link rel=\"canonical\" href=\"https:\/\/www.sitech.nl\/nl\/integrated-services\/\" \/>\n<meta property=\"og:locale\" content=\"nl_NL\" \/>\n<meta property=\"og:type\" content=\"article\" \/>\n<meta property=\"og:title\" content=\"Integrated Services - Ebert HERA\" \/>\n<meta property=\"og:url\" content=\"https:\/\/www.sitech.nl\/nl\/integrated-services\/\" \/>\n<meta property=\"og:site_name\" content=\"Ebert HERA\" \/>\n<meta property=\"article:modified_time\" content=\"2024-07-04T14:55:30+00:00\" \/>\n<meta name=\"twitter:card\" content=\"summary_large_image\" \/>\n<meta name=\"twitter:label1\" content=\"Geschatte leestijd\" \/>\n\t<meta name=\"twitter:data1\" content=\"2 minuten\" \/>\n<script type=\"application\/ld+json\" class=\"yoast-schema-graph\">{\"@context\":\"https:\/\/schema.org\",\"@graph\":[{\"@type\":\"WebPage\",\"@id\":\"https:\/\/www.sitech.nl\/nl\/integrated-services\/\",\"url\":\"https:\/\/www.sitech.nl\/nl\/integrated-services\/\",\"name\":\"Integrated Services - Ebert HERA\",\"isPartOf\":{\"@id\":\"https:\/\/www.sitech.nl\/nl\/#website\"},\"datePublished\":\"2024-01-15T14:55:16+00:00\",\"dateModified\":\"2024-07-04T14:55:30+00:00\",\"breadcrumb\":{\"@id\":\"https:\/\/www.sitech.nl\/nl\/integrated-services\/#breadcrumb\"},\"inLanguage\":\"nl-NL\",\"potentialAction\":[{\"@type\":\"ReadAction\",\"target\":[\"https:\/\/www.sitech.nl\/nl\/integrated-services\/\"]}]},{\"@type\":\"BreadcrumbList\",\"@id\":\"https:\/\/www.sitech.nl\/nl\/integrated-services\/#breadcrumb\",\"itemListElement\":[{\"@type\":\"ListItem\",\"position\":1,\"name\":\"Home\",\"item\":\"https:\/\/www.sitech.nl\/nl\/\"},{\"@type\":\"ListItem\",\"position\":2,\"name\":\"Integrated Services\"}]},{\"@type\":\"WebSite\",\"@id\":\"https:\/\/www.sitech.nl\/nl\/#website\",\"url\":\"https:\/\/www.sitech.nl\/nl\/\",\"name\":\"Ebert HERA\",\"description\":\"\",\"potentialAction\":[{\"@type\":\"SearchAction\",\"target\":{\"@type\":\"EntryPoint\",\"urlTemplate\":\"https:\/\/www.sitech.nl\/nl\/?s={search_term_string}\"},\"query-input\":{\"@type\":\"PropertyValueSpecification\",\"valueRequired\":true,\"valueName\":\"search_term_string\"}}],\"inLanguage\":\"nl-NL\"}]}<\/script>\n<!-- \/ Yoast SEO plugin. -->","yoast_head_json":{"title":"Integrated Services - Ebert HERA","robots":{"index":"index","follow":"follow","max-snippet":"max-snippet:-1","max-image-preview":"max-image-preview:large","max-video-preview":"max-video-preview:-1"},"canonical":"https:\/\/www.sitech.nl\/nl\/integrated-services\/","og_locale":"nl_NL","og_type":"article","og_title":"Integrated Services - Ebert HERA","og_url":"https:\/\/www.sitech.nl\/nl\/integrated-services\/","og_site_name":"Ebert HERA","article_modified_time":"2024-07-04T14:55:30+00:00","twitter_card":"summary_large_image","twitter_misc":{"Geschatte leestijd":"2 minuten"},"schema":{"@context":"https:\/\/schema.org","@graph":[{"@type":"WebPage","@id":"https:\/\/www.sitech.nl\/nl\/integrated-services\/","url":"https:\/\/www.sitech.nl\/nl\/integrated-services\/","name":"Integrated Services - Ebert HERA","isPartOf":{"@id":"https:\/\/www.sitech.nl\/nl\/#website"},"datePublished":"2024-01-15T14:55:16+00:00","dateModified":"2024-07-04T14:55:30+00:00","breadcrumb":{"@id":"https:\/\/www.sitech.nl\/nl\/integrated-services\/#breadcrumb"},"inLanguage":"nl-NL","potentialAction":[{"@type":"ReadAction","target":["https:\/\/www.sitech.nl\/nl\/integrated-services\/"]}]},{"@type":"BreadcrumbList","@id":"https:\/\/www.sitech.nl\/nl\/integrated-services\/#breadcrumb","itemListElement":[{"@type":"ListItem","position":1,"name":"Home","item":"https:\/\/www.sitech.nl\/nl\/"},{"@type":"ListItem","position":2,"name":"Integrated Services"}]},{"@type":"WebSite","@id":"https:\/\/www.sitech.nl\/nl\/#website","url":"https:\/\/www.sitech.nl\/nl\/","name":"Ebert HERA","description":"","potentialAction":[{"@type":"SearchAction","target":{"@type":"EntryPoint","urlTemplate":"https:\/\/www.sitech.nl\/nl\/?s={search_term_string}"},"query-input":{"@type":"PropertyValueSpecification","valueRequired":true,"valueName":"search_term_string"}}],"inLanguage":"nl-NL"}]}},"_links":{"self":[{"href":"https:\/\/www.sitech.nl\/nl\/wp-json\/wp\/v2\/pages\/3162","targetHints":{"allow":["GET"]}}],"collection":[{"href":"https:\/\/www.sitech.nl\/nl\/wp-json\/wp\/v2\/pages"}],"about":[{"href":"https:\/\/www.sitech.nl\/nl\/wp-json\/wp\/v2\/types\/page"}],"author":[{"embeddable":true,"href":"https:\/\/www.sitech.nl\/nl\/wp-json\/wp\/v2\/users\/1"}],"replies":[{"embeddable":true,"href":"https:\/\/www.sitech.nl\/nl\/wp-json\/wp\/v2\/comments?post=3162"}],"version-history":[{"count":8,"href":"https:\/\/www.sitech.nl\/nl\/wp-json\/wp\/v2\/pages\/3162\/revisions"}],"predecessor-version":[{"id":4094,"href":"https:\/\/www.sitech.nl\/nl\/wp-json\/wp\/v2\/pages\/3162\/revisions\/4094"}],"wp:attachment":[{"href":"https:\/\/www.sitech.nl\/nl\/wp-json\/wp\/v2\/media?parent=3162"}],"curies":[{"name":"wp","href":"https:\/\/api.w.org\/{rel}","templated":true}]}}